{"id":4357,"date":"2019-12-06T17:36:31","date_gmt":"2019-12-06T16:36:31","guid":{"rendered":"http:\/\/itineraires.sudvelo.com\/miles\/?page_id=4357"},"modified":"2019-12-06T17:36:31","modified_gmt":"2019-12-06T16:36:31","slug":"les-loustics-a-velo","status":"publish","type":"page","link":"https:\/\/itineraires.sudvelo.com\/miles\/les-loustics-a-velo\/","title":{"rendered":"Les Loustics \u00e0 V\u00e9lo"},"content":{"rendered":"<p><img data-recalc-dims=\"1\" loading=\"lazy\" decoding=\"async\" data-attachment-id=\"4358\" data-permalink=\"https:\/\/itineraires.sudvelo.com\/miles\/les-loustics-a-velo\/logo\/\" data-orig-file=\"https:\/\/i0.wp.com\/itineraires.sudvelo.com\/miles\/wp-content\/uploads\/2019\/12\/logo.png?fit=800%2C441&amp;ssl=1\" data-orig-size=\"800,441\" data-comments-opened=\"1\" data-image-meta=\"{&quot;aperture&quot;:&quot;0&quot;,&quot;credit&quot;:&quot;&quot;,&quot;camera&quot;:&quot;&quot;,&quot;caption&quot;:&quot;&quot;,&quot;created_timestamp&quot;:&quot;0&quot;,&quot;copyright&quot;:&quot;&quot;,&quot;focal_length&quot;:&quot;0&quot;,&quot;iso&quot;:&quot;0&quot;,&quot;shutter_speed&quot;:&quot;0&quot;,&quot;title&quot;:&quot;&quot;,&quot;orientation&quot;:&quot;0&quot;}\" data-image-title=\"logo\" data-image-description=\"\" data-image-caption=\"\" data-medium-file=\"https:\/\/i0.wp.com\/itineraires.sudvelo.com\/miles\/wp-content\/uploads\/2019\/12\/logo.png?fit=300%2C165&amp;ssl=1\" data-large-file=\"https:\/\/i0.wp.com\/itineraires.sudvelo.com\/miles\/wp-content\/uploads\/2019\/12\/logo.png?fit=610%2C336&amp;ssl=1\" tabindex=\"0\" role=\"button\" class=\"size-full wp-image-4358 aligncenter\" src=\"https:\/\/i0.wp.com\/itineraires.sudvelo.com\/miles\/wp-content\/uploads\/2019\/12\/logo.png?resize=610%2C336\" alt=\"\" width=\"610\" height=\"336\" srcset=\"https:\/\/i0.wp.com\/itineraires.sudvelo.com\/miles\/wp-content\/uploads\/2019\/12\/logo.png?w=800&amp;ssl=1 800w, https:\/\/i0.wp.com\/itineraires.sudvelo.com\/miles\/wp-content\/uploads\/2019\/12\/logo.png?resize=300%2C165&amp;ssl=1 300w, https:\/\/i0.wp.com\/itineraires.sudvelo.com\/miles\/wp-content\/uploads\/2019\/12\/logo.png?resize=768%2C423&amp;ssl=1 768w, https:\/\/i0.wp.com\/itineraires.sudvelo.com\/miles\/wp-content\/uploads\/2019\/12\/logo.png?resize=400%2C221&amp;ssl=1 400w\" sizes=\"(max-width: 610px) 100vw, 610px\" \/><\/p>\n<p style=\"text-align: center;\">Etre un loustic \u00e0 v\u00e9lo, c&rsquo;est aimer autant que p\u00e9daler, rire, voyager, rencontrer, et profiter de chaque bonne chose de la vie \u00e0 part \u00e9gale.<\/p>\n<p style=\"text-align: center;\">Ce n&rsquo;est rien sacrifier pour le plaisir de rouler, mais c&rsquo;est surtout ne pas sacrifier le plaisir de rouler.<\/p>\n<p style=\"text-align: center;\">C&rsquo;est se retrouver ici, l\u00e0, ou bien tout l\u00e0 bas, pour partager des kilom\u00e8tres, des rencontres, des histoires et des aventures.<\/p>\n<p style=\"text-align: center;\">Etre un loustic \u00e0 v\u00e9lo c&rsquo;est savoir vivre avec la petite reine, et parfois m\u00eame ne plus \u00eatre \u00e0 ses ordres, mais la mettre \u00e0 notre service pour aller plus loin.<\/p>\n<p style=\"text-align: center;\">Etre loustic \u00e0 v\u00e9lo c&rsquo;est \u00e0 chaque sortie retrouver la m\u00eame libert\u00e9 que lors de nos premi\u00e8res vir\u00e9es, tout gamins. C&rsquo;est parfois se mettre \u00e0 sprinter sans raison, ou s\u2019\u00e9poumoner pour suivre\u00a0 le Poupou local.<\/p>\n<p style=\"text-align: center;\">Etre loustic \u00e0 v\u00e9lo&#8230; c&rsquo;est aimer le v\u00e9lo pour tout ce qu&rsquo;il nous apporte.<\/p>\n<p>&nbsp;<\/p>\n<p style=\"text-align: center;\"><a href=\"mailto:lousticsavelo@gmail.com\">lousticsavelo@gmail.com<\/a><\/p>\n<h5><\/h5>\n","protected":false},"excerpt":{"rendered":"<p>Etre un loustic \u00e0 v\u00e9lo, c&rsquo;est aimer autant que p\u00e9daler, rire, voyager, rencontrer, et profiter de chaque bonne chose de la vie \u00e0 part \u00e9gale. Ce n&rsquo;est rien sacrifier pour le plaisir de rouler, mais c&rsquo;est surtout ne pas sacrifier le plaisir de rouler. C&rsquo;est se retrouver ici, l\u00e0, ou bien tout l\u00e0 bas, pour [&hellip;]<\/p>\n","protected":false},"author":2,"featured_media":0,"parent":0,"menu_order":0,"comment_status":"closed","ping_status":"closed","template":"","meta":{"jetpack_post_was_ever_published":false,"footnotes":""},"class_list":["post-4357","page","type-page","status-publish","hentry"],"jetpack_sharing_enabled":true,"jetpack_shortlink":"https:\/\/wp.me\/P6ioUK-18h","jetpack_likes_enabled":true,"_links":{"self":[{"href":"https:\/\/itineraires.sudvelo.com\/miles\/wp-json\/wp\/v2\/pages\/4357"}],"collection":[{"href":"https:\/\/itineraires.sudvelo.com\/miles\/wp-json\/wp\/v2\/pages"}],"about":[{"href":"https:\/\/itineraires.sudvelo.com\/miles\/wp-json\/wp\/v2\/types\/page"}],"author":[{"embeddable":true,"href":"https:\/\/itineraires.sudvelo.com\/miles\/wp-json\/wp\/v2\/users\/2"}],"replies":[{"embeddable":true,"href":"https:\/\/itineraires.sudvelo.com\/miles\/wp-json\/wp\/v2\/comments?post=4357"}],"version-history":[{"count":7,"href":"https:\/\/itineraires.sudvelo.com\/miles\/wp-json\/wp\/v2\/pages\/4357\/revisions"}],"predecessor-version":[{"id":4365,"href":"https:\/\/itineraires.sudvelo.com\/miles\/wp-json\/wp\/v2\/pages\/4357\/revisions\/4365"}],"wp:attachment":[{"href":"https:\/\/itineraires.sudvelo.com\/miles\/wp-json\/wp\/v2\/media?parent=4357"}],"curies":[{"name":"wp","href":"https:\/\/api.w.org\/{rel}","templated":true}]}}