{"id":235,"date":"2015-06-16T16:49:39","date_gmt":"2015-06-16T15:49:39","guid":{"rendered":"http:\/\/itineraires.sudvelo.com\/miles\/?page_id=235"},"modified":"2016-10-22T21:15:25","modified_gmt":"2016-10-22T20:15:25","slug":"author","status":"publish","type":"page","link":"http:\/\/itineraires.sudvelo.com\/miles\/author\/","title":{"rendered":"Les auteurs"},"content":{"rendered":"<p>7\u00a0contributeurs \u00e0 ce Blog (la dream team s&rsquo;\u00e9toffe !) :<\/p>\n<p>&nbsp;<\/p>\n<p><img data-recalc-dims=\"1\" loading=\"lazy\" decoding=\"async\" data-attachment-id=\"242\" data-permalink=\"http:\/\/itineraires.sudvelo.com\/miles\/author\/francis\/\" data-orig-file=\"https:\/\/i0.wp.com\/itineraires.sudvelo.com\/miles\/wp-content\/uploads\/2015\/06\/francis.jpg?fit=160%2C160\" data-orig-size=\"160,160\" data-comments-opened=\"1\" data-image-meta=\"{&quot;aperture&quot;:&quot;0&quot;,&quot;credit&quot;:&quot;&quot;,&quot;camera&quot;:&quot;&quot;,&quot;caption&quot;:&quot;&quot;,&quot;created_timestamp&quot;:&quot;0&quot;,&quot;copyright&quot;:&quot;&quot;,&quot;focal_length&quot;:&quot;0&quot;,&quot;iso&quot;:&quot;0&quot;,&quot;shutter_speed&quot;:&quot;0&quot;,&quot;title&quot;:&quot;&quot;,&quot;orientation&quot;:&quot;0&quot;}\" data-image-title=\"francis\" data-image-description=\"\" data-image-caption=\"\" data-medium-file=\"https:\/\/i0.wp.com\/itineraires.sudvelo.com\/miles\/wp-content\/uploads\/2015\/06\/francis.jpg?fit=160%2C160\" data-large-file=\"https:\/\/i0.wp.com\/itineraires.sudvelo.com\/miles\/wp-content\/uploads\/2015\/06\/francis.jpg?fit=160%2C160\" tabindex=\"0\" role=\"button\" class=\"alignright wp-image-242 size-full\" src=\"https:\/\/i0.wp.com\/itineraires.sudvelo.com\/miles\/wp-content\/uploads\/2015\/06\/francis.jpg?resize=160%2C160\" alt=\"francis\" width=\"160\" height=\"160\" srcset=\"https:\/\/i0.wp.com\/itineraires.sudvelo.com\/miles\/wp-content\/uploads\/2015\/06\/francis.jpg?w=160 160w, https:\/\/i0.wp.com\/itineraires.sudvelo.com\/miles\/wp-content\/uploads\/2015\/06\/francis.jpg?resize=150%2C150 150w, https:\/\/i0.wp.com\/itineraires.sudvelo.com\/miles\/wp-content\/uploads\/2015\/06\/francis.jpg?resize=50%2C50 50w\" sizes=\"(max-width: 160px) 100vw, 160px\" \/><a href=\"http:\/\/itineraires.sudvelo.com\/miles\/author\/francis\/\">Francis<\/a>, alias \u00ab\u00a0FrancisTri\u00a0\u00bb du club \u00ab\u00a0Sudvelo \/ Ne Jetez Plus !\u00a0\u00bb \u00e0 Montpellier. Sportif accompli, adepte des sports d&rsquo;endurance (triathlons, longues \u00e9preuves cyclistes, vtt, randonn\u00e9es) et des p\u00e9riples au long cours (en Patagonie en 2014 par exemple), il aime faire partager son bonheur, \u00e0 v\u00e9lo ou apr\u00e8s son retour de voyage. Toujours la t\u00eate dans son prochain road-trip, il a en permanence\u00a0le nez dans les cartes.<\/p>\n<p>&nbsp;<\/p>\n<p>&nbsp;<\/p>\n<p><img data-recalc-dims=\"1\" loading=\"lazy\" decoding=\"async\" data-attachment-id=\"243\" data-permalink=\"http:\/\/itineraires.sudvelo.com\/miles\/author\/jybe\/\" data-orig-file=\"https:\/\/i0.wp.com\/itineraires.sudvelo.com\/miles\/wp-content\/uploads\/2015\/06\/Jybe.jpg?fit=160%2C160\" data-orig-size=\"160,160\" data-comments-opened=\"1\" data-image-meta=\"{&quot;aperture&quot;:&quot;0&quot;,&quot;credit&quot;:&quot;&quot;,&quot;camera&quot;:&quot;&quot;,&quot;caption&quot;:&quot;&quot;,&quot;created_timestamp&quot;:&quot;0&quot;,&quot;copyright&quot;:&quot;&quot;,&quot;focal_length&quot;:&quot;0&quot;,&quot;iso&quot;:&quot;0&quot;,&quot;shutter_speed&quot;:&quot;0&quot;,&quot;title&quot;:&quot;&quot;,&quot;orientation&quot;:&quot;0&quot;}\" data-image-title=\"Jybe\" data-image-description=\"\" data-image-caption=\"\" data-medium-file=\"https:\/\/i0.wp.com\/itineraires.sudvelo.com\/miles\/wp-content\/uploads\/2015\/06\/Jybe.jpg?fit=160%2C160\" data-large-file=\"https:\/\/i0.wp.com\/itineraires.sudvelo.com\/miles\/wp-content\/uploads\/2015\/06\/Jybe.jpg?fit=160%2C160\" tabindex=\"0\" role=\"button\" class=\"alignright wp-image-243 size-full\" src=\"https:\/\/i0.wp.com\/itineraires.sudvelo.com\/miles\/wp-content\/uploads\/2015\/06\/Jybe.jpg?resize=160%2C160\" alt=\"Jybe\" width=\"160\" height=\"160\" srcset=\"https:\/\/i0.wp.com\/itineraires.sudvelo.com\/miles\/wp-content\/uploads\/2015\/06\/Jybe.jpg?w=160 160w, https:\/\/i0.wp.com\/itineraires.sudvelo.com\/miles\/wp-content\/uploads\/2015\/06\/Jybe.jpg?resize=150%2C150 150w, https:\/\/i0.wp.com\/itineraires.sudvelo.com\/miles\/wp-content\/uploads\/2015\/06\/Jybe.jpg?resize=50%2C50 50w\" sizes=\"(max-width: 160px) 100vw, 160px\" \/><a href=\"http:\/\/itineraires.sudvelo.com\/miles\/author\/jybe\/\">Jean-Yves<\/a>, alias \u00ab\u00a0Jybe\u00a0\u00bb du club \u00ab\u00a0Sudvelo \/ Ne Jetez Plus !\u00a0\u00bb \u00e0 Montpellier. Force de la nature, ne compte jamais ses efforts pour \u00ab\u00a0faire la trace\u00a0\u00bb sur l&rsquo;asphalte ou ailleurs. Il est aussi un voyageur au long cours (La Patagonie avec Francis, et quelques tours du monde, malheureusement pas \u00e0 v\u00e9lo), il a une vraie passion pour la culture Japonaise, dont il apprend la langue, en pr\u00e9vision du voyage de 2015, depuis bient\u00f4t un an. On compte sur lui pour entrer en contact avec les populations locales !<\/p>\n<p>&nbsp;<\/p>\n<p>&nbsp;<\/p>\n<p><img data-recalc-dims=\"1\" loading=\"lazy\" decoding=\"async\" data-attachment-id=\"244\" data-permalink=\"http:\/\/itineraires.sudvelo.com\/miles\/author\/manu2\/\" data-orig-file=\"https:\/\/i0.wp.com\/itineraires.sudvelo.com\/miles\/wp-content\/uploads\/2015\/06\/Manu2.jpg?fit=159%2C207\" data-orig-size=\"159,207\" data-comments-opened=\"1\" data-image-meta=\"{&quot;aperture&quot;:&quot;0&quot;,&quot;credit&quot;:&quot;&quot;,&quot;camera&quot;:&quot;&quot;,&quot;caption&quot;:&quot;&quot;,&quot;created_timestamp&quot;:&quot;0&quot;,&quot;copyright&quot;:&quot;&quot;,&quot;focal_length&quot;:&quot;0&quot;,&quot;iso&quot;:&quot;0&quot;,&quot;shutter_speed&quot;:&quot;0&quot;,&quot;title&quot;:&quot;&quot;,&quot;orientation&quot;:&quot;0&quot;}\" data-image-title=\"Manu2\" data-image-description=\"\" data-image-caption=\"\" data-medium-file=\"https:\/\/i0.wp.com\/itineraires.sudvelo.com\/miles\/wp-content\/uploads\/2015\/06\/Manu2.jpg?fit=159%2C207\" data-large-file=\"https:\/\/i0.wp.com\/itineraires.sudvelo.com\/miles\/wp-content\/uploads\/2015\/06\/Manu2.jpg?fit=159%2C207\" tabindex=\"0\" role=\"button\" class=\"alignright wp-image-244 size-full\" src=\"https:\/\/i0.wp.com\/itineraires.sudvelo.com\/miles\/wp-content\/uploads\/2015\/06\/Manu2.jpg?resize=159%2C207\" alt=\"Manu2\" width=\"159\" height=\"207\" \/><a href=\"http:\/\/itineraires.sudvelo.com\/miles\/author\/manuger\/\">Manu<\/a>, alias \u00ab\u00a0Manuger\u00a0\u00bb du club \u00ab\u00a0Sudvelo \/ Ne Jetez Plus !\u00a0\u00bb \u00e0 Montpellier. Il n&rsquo;a pas \u00e0 son actif autant de \u00ab\u00a0miles\u00a0\u00bb que ses deux a\u00een\u00e9s, mais compte rattraper un peu son retard dans les prochaines ann\u00e9es. Aime aussi imaginer ses itin\u00e9raires dans les cartes (michelin \u00e0 chevrons de pr\u00e9f\u00e9rence&#8230; ou bien strava&#8230;). Il a une casquette d&rsquo;informaticien, mais ne\u00a0compte pas la prendre en voyage, et pr\u00e9f\u00e9rera tenter de retranscrire le p\u00e9riple Japonais avec de belles images, et \u00e9ventuellement quelques textes.<\/p>\n<p>&nbsp;<\/p>\n<p><img data-recalc-dims=\"1\" loading=\"lazy\" decoding=\"async\" data-attachment-id=\"1886\" data-permalink=\"http:\/\/itineraires.sudvelo.com\/miles\/author\/ours\/\" data-orig-file=\"https:\/\/i0.wp.com\/itineraires.sudvelo.com\/miles\/wp-content\/uploads\/2015\/06\/Ours.jpg?fit=218%2C163\" data-orig-size=\"218,163\" data-comments-opened=\"1\" data-image-meta=\"{&quot;aperture&quot;:&quot;0&quot;,&quot;credit&quot;:&quot;&quot;,&quot;camera&quot;:&quot;&quot;,&quot;caption&quot;:&quot;&quot;,&quot;created_timestamp&quot;:&quot;0&quot;,&quot;copyright&quot;:&quot;&quot;,&quot;focal_length&quot;:&quot;0&quot;,&quot;iso&quot;:&quot;0&quot;,&quot;shutter_speed&quot;:&quot;0&quot;,&quot;title&quot;:&quot;&quot;,&quot;orientation&quot;:&quot;0&quot;}\" data-image-title=\"Ours\" data-image-description=\"\" data-image-caption=\"\" data-medium-file=\"https:\/\/i0.wp.com\/itineraires.sudvelo.com\/miles\/wp-content\/uploads\/2015\/06\/Ours.jpg?fit=218%2C163\" data-large-file=\"https:\/\/i0.wp.com\/itineraires.sudvelo.com\/miles\/wp-content\/uploads\/2015\/06\/Ours.jpg?fit=218%2C163\" tabindex=\"0\" role=\"button\" class=\"size-full wp-image-1886 alignright\" src=\"https:\/\/i0.wp.com\/itineraires.sudvelo.com\/miles\/wp-content\/uploads\/2015\/06\/Ours.jpg?resize=218%2C163\" alt=\"Ours\" width=\"218\" height=\"163\" \/><\/p>\n<p><a href=\"http:\/\/itineraires.sudvelo.com\/miles\/author\/ours\/\">Thierry<\/a>, on l&rsquo;appelle l&rsquo;Ours des Vosges, rapport \u00e0 sa fa\u00e7on bien \u00e0\u00a0lui d\u2019hiberner un peu quand il le veut, pour revenir toujours un peu plus fort. A lui les d\u00e9fis au long court, les hallucinantes heures de selle, les travers\u00e9es incroyables. Il entre dans ce blog en nous comptant au jour le jour son tour d&rsquo;Islande, avec son fils. Quel beau p\u00e9riple !<\/p>\n<p>&nbsp;<\/p>\n<p><img data-recalc-dims=\"1\" loading=\"lazy\" decoding=\"async\" data-attachment-id=\"1891\" data-permalink=\"http:\/\/itineraires.sudvelo.com\/miles\/author\/bandm_usa2016\/\" data-orig-file=\"https:\/\/i0.wp.com\/itineraires.sudvelo.com\/miles\/wp-content\/uploads\/2015\/06\/BandM_USA2016.jpg?fit=1228%2C874\" data-orig-size=\"1228,874\" data-comments-opened=\"1\" data-image-meta=\"{&quot;aperture&quot;:&quot;2.8&quot;,&quot;credit&quot;:&quot;&quot;,&quot;camera&quot;:&quot;iPhone 4&quot;,&quot;caption&quot;:&quot;&quot;,&quot;created_timestamp&quot;:&quot;1471692474&quot;,&quot;copyright&quot;:&quot;&quot;,&quot;focal_length&quot;:&quot;3.85&quot;,&quot;iso&quot;:&quot;80&quot;,&quot;shutter_speed&quot;:&quot;0.00082850041425021&quot;,&quot;title&quot;:&quot;&quot;,&quot;orientation&quot;:&quot;1&quot;}\" data-image-title=\"bandm_usa2016\" data-image-description=\"\" data-image-caption=\"\" data-medium-file=\"https:\/\/i0.wp.com\/itineraires.sudvelo.com\/miles\/wp-content\/uploads\/2015\/06\/BandM_USA2016.jpg?fit=300%2C214\" data-large-file=\"https:\/\/i0.wp.com\/itineraires.sudvelo.com\/miles\/wp-content\/uploads\/2015\/06\/BandM_USA2016.jpg?fit=610%2C434\" tabindex=\"0\" role=\"button\" class=\"size-thumbnail wp-image-1891 alignright\" src=\"https:\/\/i0.wp.com\/itineraires.sudvelo.com\/miles\/wp-content\/uploads\/2015\/06\/BandM_USA2016.jpg?resize=150%2C150\" alt=\"bandm_usa2016\" width=\"150\" height=\"150\" srcset=\"https:\/\/i0.wp.com\/itineraires.sudvelo.com\/miles\/wp-content\/uploads\/2015\/06\/BandM_USA2016.jpg?resize=150%2C150 150w, https:\/\/i0.wp.com\/itineraires.sudvelo.com\/miles\/wp-content\/uploads\/2015\/06\/BandM_USA2016.jpg?resize=50%2C50 50w, https:\/\/i0.wp.com\/itineraires.sudvelo.com\/miles\/wp-content\/uploads\/2015\/06\/BandM_USA2016.jpg?resize=200%2C200 200w, https:\/\/i0.wp.com\/itineraires.sudvelo.com\/miles\/wp-content\/uploads\/2015\/06\/BandM_USA2016.jpg?resize=300%2C300 300w, https:\/\/i0.wp.com\/itineraires.sudvelo.com\/miles\/wp-content\/uploads\/2015\/06\/BandM_USA2016.jpg?zoom=3&amp;resize=150%2C150 450w\" sizes=\"(max-width: 150px) 100vw, 150px\" \/><\/p>\n<p><a href=\"http:\/\/itineraires.sudvelo.com\/miles\/author\/masha\/\">Masha et Benoit <\/a>font couple et corps sur le v\u00e9lo. La t\u00eate dans l&rsquo;infiniment petit en semaine dans leurs recherches en physique des nanostructures, ils visent l&rsquo;infiniment long dans leurs p\u00e9riples dominicaux sur leurs bicyclettes. Un petit trip dans l&rsquo;Ouest Am\u00e9ricain au programme de cette ann\u00e9e 2016 et les voil\u00e0 sur le blog \u00e0 nous compter leurs trails.<\/p>\n<p>&nbsp;<\/p>\n<p><a href=\"http:\/\/itineraires.sudvelo.com\/miles\/author\/vero\/\">V\u00e9ro <\/a>est la toute nouvelle itinheureuse (on esp\u00e8re qu&rsquo;elle le restera apr\u00e8s le <img data-recalc-dims=\"1\" loading=\"lazy\" decoding=\"async\" data-attachment-id=\"1955\" data-permalink=\"http:\/\/itineraires.sudvelo.com\/miles\/author\/img-20161022-wa0003\/\" data-orig-file=\"https:\/\/i0.wp.com\/itineraires.sudvelo.com\/miles\/wp-content\/uploads\/2015\/06\/IMG-20161022-WA0003.jpg?fit=960%2C1280\" data-orig-size=\"960,1280\" data-comments-opened=\"1\" data-image-meta=\"{&quot;aperture&quot;:&quot;0&quot;,&quot;credit&quot;:&quot;&quot;,&quot;camera&quot;:&quot;&quot;,&quot;caption&quot;:&quot;&quot;,&quot;created_timestamp&quot;:&quot;0&quot;,&quot;copyright&quot;:&quot;&quot;,&quot;focal_length&quot;:&quot;0&quot;,&quot;iso&quot;:&quot;0&quot;,&quot;shutter_speed&quot;:&quot;0&quot;,&quot;title&quot;:&quot;&quot;,&quot;orientation&quot;:&quot;0&quot;}\" data-image-title=\"img-20161022-wa0003\" data-image-description=\"\" data-image-caption=\"\" data-medium-file=\"https:\/\/i0.wp.com\/itineraires.sudvelo.com\/miles\/wp-content\/uploads\/2015\/06\/IMG-20161022-WA0003.jpg?fit=225%2C300\" data-large-file=\"https:\/\/i0.wp.com\/itineraires.sudvelo.com\/miles\/wp-content\/uploads\/2015\/06\/IMG-20161022-WA0003.jpg?fit=610%2C813\" tabindex=\"0\" role=\"button\" class=\"size-thumbnail wp-image-1955 alignright\" src=\"https:\/\/i0.wp.com\/itineraires.sudvelo.com\/miles\/wp-content\/uploads\/2015\/06\/IMG-20161022-WA0003.jpg?resize=150%2C150\" alt=\"img-20161022-wa0003\" width=\"150\" height=\"150\" srcset=\"https:\/\/i0.wp.com\/itineraires.sudvelo.com\/miles\/wp-content\/uploads\/2015\/06\/IMG-20161022-WA0003.jpg?resize=150%2C150 150w, https:\/\/i0.wp.com\/itineraires.sudvelo.com\/miles\/wp-content\/uploads\/2015\/06\/IMG-20161022-WA0003.jpg?resize=50%2C50 50w, https:\/\/i0.wp.com\/itineraires.sudvelo.com\/miles\/wp-content\/uploads\/2015\/06\/IMG-20161022-WA0003.jpg?resize=200%2C200 200w, https:\/\/i0.wp.com\/itineraires.sudvelo.com\/miles\/wp-content\/uploads\/2015\/06\/IMG-20161022-WA0003.jpg?resize=300%2C300 300w, https:\/\/i0.wp.com\/itineraires.sudvelo.com\/miles\/wp-content\/uploads\/2015\/06\/IMG-20161022-WA0003.jpg?zoom=3&amp;resize=150%2C150 450w\" sizes=\"(max-width: 150px) 100vw, 150px\" \/>p\u00e9riple qui s&rsquo;annonce). On dit que rien ne l&rsquo;effraie sur un v\u00e9lo, ni la distance, ni le mauvais temps, ni la chaleur. Certains l&rsquo;ont d\u00e9j\u00e0 vu dans les Alpes avaler 2000m de D+ 3 jours d&rsquo;affil\u00e9e sous la canicule avec son v\u00e9lo charg\u00e9 comme pour faire 3000km. D&rsquo;autres l&rsquo;ont vu faire Montpellier-Strasbourg dans le vent et le froid. Aucun doute sur sa capacit\u00e9 \u00e0 endurer les Km de son prochain d\u00e9fi : la travers\u00e9e de la Nouvelle Z\u00e9lande. Elle embarque Mardi 25 Novembre pour cette nouvelle aventure !<\/p>\n<p>&nbsp;<\/p>\n","protected":false},"excerpt":{"rendered":"<p>7\u00a0contributeurs \u00e0 ce Blog (la dream team s&rsquo;\u00e9toffe !) : &nbsp; Francis, alias \u00ab\u00a0FrancisTri\u00a0\u00bb du club \u00ab\u00a0Sudvelo \/ Ne Jetez Plus !\u00a0\u00bb \u00e0 Montpellier. Sportif accompli, adepte des sports d&rsquo;endurance (triathlons, longues \u00e9preuves cyclistes, vtt, randonn\u00e9es) et des p\u00e9riples au long cours (en Patagonie en 2014 par exemple), il aime faire partager son bonheur, \u00e0 [&hellip;]<\/p>\n","protected":false},"author":2,"featured_media":0,"parent":0,"menu_order":0,"comment_status":"open","ping_status":"open","template":"","meta":{"jetpack_post_was_ever_published":false,"footnotes":""},"class_list":["post-235","page","type-page","status-publish","hentry"],"jetpack_sharing_enabled":true,"jetpack_shortlink":"https:\/\/wp.me\/P6ioUK-3N","jetpack_likes_enabled":true,"_links":{"self":[{"href":"http:\/\/itineraires.sudvelo.com\/miles\/wp-json\/wp\/v2\/pages\/235"}],"collection":[{"href":"http:\/\/itineraires.sudvelo.com\/miles\/wp-json\/wp\/v2\/pages"}],"about":[{"href":"http:\/\/itineraires.sudvelo.com\/miles\/wp-json\/wp\/v2\/types\/page"}],"author":[{"embeddable":true,"href":"http:\/\/itineraires.sudvelo.com\/miles\/wp-json\/wp\/v2\/users\/2"}],"replies":[{"embeddable":true,"href":"http:\/\/itineraires.sudvelo.com\/miles\/wp-json\/wp\/v2\/comments?post=235"}],"version-history":[{"count":18,"href":"http:\/\/itineraires.sudvelo.com\/miles\/wp-json\/wp\/v2\/pages\/235\/revisions"}],"predecessor-version":[{"id":1956,"href":"http:\/\/itineraires.sudvelo.com\/miles\/wp-json\/wp\/v2\/pages\/235\/revisions\/1956"}],"wp:attachment":[{"href":"http:\/\/itineraires.sudvelo.com\/miles\/wp-json\/wp\/v2\/media?parent=235"}],"curies":[{"name":"wp","href":"https:\/\/api.w.org\/{rel}","templated":true}]}}