{"id":105,"date":"2015-06-04T09:46:50","date_gmt":"2015-06-04T08:46:50","guid":{"rendered":"http:\/\/itineraires.sudvelo.com\/miles\/?page_id=105"},"modified":"2015-10-22T15:32:01","modified_gmt":"2015-10-22T14:32:01","slug":"quest-ce-que-blog","status":"publish","type":"page","link":"http:\/\/itineraires.sudvelo.com\/miles\/quest-ce-que-blog\/","title":{"rendered":"Qu&rsquo;est ce que Blog ?"},"content":{"rendered":"<p>Nous avons cr\u00e9\u00e9 ce blog, Jean-Yves, Francis et Manu, pour partager un\u00a0p\u00e9riple au Japon qui s&rsquo;est d\u00e9roul\u00e9\u00a0du 21 ao\u00fbt au 9 octobre. L&rsquo;objectif \u00e9tait de traverser le Japon du Nord au Sud au rythme du v\u00e9lo en prenant le temps de voir, de rencontrer et d&rsquo;essayer d&rsquo;approcher au plus pr\u00e8s cette merveilleuse et parfois myst\u00e9rieuse culture japonaise.<\/p>\n<p>Dans un premier temps, nous avons publi\u00e9 quelques informations sur la pr\u00e9paration (y compris les p\u00e9r\u00e9grinations Corses ou C\u00e9venoles) puis nous sommes entr\u00e9s dans le vif du sujet le 23 ao\u00fbt, au d\u00e9part d&rsquo;Abashiri, tout au nord de l\u2019\u00eele d&rsquo;Hokka\u00efdo.<\/p>\n<p><a href=\"https:\/\/i0.wp.com\/itineraires.sudvelo.com\/miles\/wp-content\/uploads\/2015\/10\/IMG_7552.png\"><img data-recalc-dims=\"1\" loading=\"lazy\" decoding=\"async\" data-attachment-id=\"1362\" data-permalink=\"http:\/\/itineraires.sudvelo.com\/miles\/2015\/10\/04\/le-raid-velo\/img_7552-png\/\" data-orig-file=\"https:\/\/i0.wp.com\/itineraires.sudvelo.com\/miles\/wp-content\/uploads\/2015\/10\/IMG_7552.png?fit=750%2C1334\" data-orig-size=\"750,1334\" data-comments-opened=\"1\" data-image-meta=\"{&quot;aperture&quot;:&quot;0&quot;,&quot;credit&quot;:&quot;&quot;,&quot;camera&quot;:&quot;&quot;,&quot;caption&quot;:&quot;&quot;,&quot;created_timestamp&quot;:&quot;0&quot;,&quot;copyright&quot;:&quot;&quot;,&quot;focal_length&quot;:&quot;0&quot;,&quot;iso&quot;:&quot;0&quot;,&quot;shutter_speed&quot;:&quot;0&quot;,&quot;title&quot;:&quot;&quot;,&quot;orientation&quot;:&quot;0&quot;}\" data-image-title=\"IMG_7552.PNG\" data-image-description=\"\" data-image-caption=\"\" data-medium-file=\"https:\/\/i0.wp.com\/itineraires.sudvelo.com\/miles\/wp-content\/uploads\/2015\/10\/IMG_7552.png?fit=169%2C300\" data-large-file=\"https:\/\/i0.wp.com\/itineraires.sudvelo.com\/miles\/wp-content\/uploads\/2015\/10\/IMG_7552.png?fit=576%2C1024\" tabindex=\"0\" role=\"button\" class=\" size-medium wp-image-1362 aligncenter\" src=\"https:\/\/i0.wp.com\/itineraires.sudvelo.com\/miles\/wp-content\/uploads\/2015\/10\/IMG_7552.png?resize=169%2C300\" alt=\"IMG_7552.PNG\" width=\"169\" height=\"300\" srcset=\"https:\/\/i0.wp.com\/itineraires.sudvelo.com\/miles\/wp-content\/uploads\/2015\/10\/IMG_7552.png?resize=169%2C300 169w, https:\/\/i0.wp.com\/itineraires.sudvelo.com\/miles\/wp-content\/uploads\/2015\/10\/IMG_7552.png?resize=576%2C1024 576w, https:\/\/i0.wp.com\/itineraires.sudvelo.com\/miles\/wp-content\/uploads\/2015\/10\/IMG_7552.png?w=750 750w\" sizes=\"(max-width: 169px) 100vw, 169px\" \/><\/a><\/p>\n<p>Apr\u00e8s ce premier r\u00e9cit de voyage qui a rencontr\u00e9 un joli succ\u00e8s aupr\u00e8s des lecteurs, nous comptons continuer dans les ann\u00e9es \u00e0 venir, d&rsquo;utiliser ce blog pour partager nos voyages. Nous esp\u00e9rons que d&rsquo;autres globe trotters du bout du monde ou de voyages moins lointains mais tout aussi int\u00e9ressants, viendront se joindre \u00e0 nous et feront aussi vivre ce blog.<\/p>\n<p><a href=\"http:\/\/itineraires.sudvelo.com\/miles\/author\/\">D\u00e9couvrez les Auteurs<\/a><\/p>\n<p><a href=\"http:\/\/itineraires.sudvelo.com\/miles\/category\/voyages\/corse\/\">Notre pr\u00e9paration en Corse avec Sudvelo \/ Ne Jetez Plus ! du 06\/06\/2015 au 11\/06\/2015<\/a><\/p>\n<p><a href=\"http:\/\/itineraires.sudvelo.com\/miles\/category\/voyages\/japon\/\">Le voyage au Japon<\/a>\u00a0(l&rsquo;ensemble)<\/p>\n<p>Les articles regroup\u00e9s \u00ab\u00a0par \u00eeles\u00a0\u00bb<\/p>\n<ul>\n<li><a href=\"http:\/\/itineraires.sudvelo.com\/miles\/category\/voyages\/japon\/hokkaido\/\">Hokkaido<\/a><\/li>\n<li><a href=\"http:\/\/itineraires.sudvelo.com\/miles\/category\/voyages\/japon\/honshu\/\">Honshu<\/a><\/li>\n<li><a href=\"http:\/\/itineraires.sudvelo.com\/miles\/category\/voyages\/japon\/shikoku\/\">Shikoku<\/a><\/li>\n<li><a href=\"http:\/\/itineraires.sudvelo.com\/miles\/category\/voyages\/japon\/kyushu\/\">Kyushu<\/a><\/li>\n<\/ul>\n","protected":false},"excerpt":{"rendered":"<p>Nous avons cr\u00e9\u00e9 ce blog, Jean-Yves, Francis et Manu, pour partager un\u00a0p\u00e9riple au Japon qui s&rsquo;est d\u00e9roul\u00e9\u00a0du 21 ao\u00fbt au 9 octobre. L&rsquo;objectif \u00e9tait de traverser le Japon du Nord au Sud au rythme du v\u00e9lo en prenant le temps de voir, de rencontrer et d&rsquo;essayer d&rsquo;approcher au plus pr\u00e8s cette merveilleuse et parfois myst\u00e9rieuse [&hellip;]<\/p>\n","protected":false},"author":2,"featured_media":0,"parent":0,"menu_order":0,"comment_status":"open","ping_status":"open","template":"","meta":{"jetpack_post_was_ever_published":false,"footnotes":""},"class_list":["post-105","page","type-page","status-publish","hentry"],"jetpack_sharing_enabled":true,"jetpack_shortlink":"https:\/\/wp.me\/P6ioUK-1H","jetpack_likes_enabled":true,"_links":{"self":[{"href":"http:\/\/itineraires.sudvelo.com\/miles\/wp-json\/wp\/v2\/pages\/105"}],"collection":[{"href":"http:\/\/itineraires.sudvelo.com\/miles\/wp-json\/wp\/v2\/pages"}],"about":[{"href":"http:\/\/itineraires.sudvelo.com\/miles\/wp-json\/wp\/v2\/types\/page"}],"author":[{"embeddable":true,"href":"http:\/\/itineraires.sudvelo.com\/miles\/wp-json\/wp\/v2\/users\/2"}],"replies":[{"embeddable":true,"href":"http:\/\/itineraires.sudvelo.com\/miles\/wp-json\/wp\/v2\/comments?post=105"}],"version-history":[{"count":8,"href":"http:\/\/itineraires.sudvelo.com\/miles\/wp-json\/wp\/v2\/pages\/105\/revisions"}],"predecessor-version":[{"id":1477,"href":"http:\/\/itineraires.sudvelo.com\/miles\/wp-json\/wp\/v2\/pages\/105\/revisions\/1477"}],"wp:attachment":[{"href":"http:\/\/itineraires.sudvelo.com\/miles\/wp-json\/wp\/v2\/media?parent=105"}],"curies":[{"name":"wp","href":"https:\/\/api.w.org\/{rel}","templated":true}]}}